{"id":1701,"date":"2025-07-16T11:28:21","date_gmt":"2025-07-16T11:28:21","guid":{"rendered":"https:\/\/mkn.eliasarndt.de\/?page_id=1701"},"modified":"2025-08-13T18:04:17","modified_gmt":"2025-08-13T18:04:17","slug":"submit-your-own-contribution","status":"publish","type":"page","link":"https:\/\/www.who-we-are.org\/en\/eigenen-beitrag-einreichen\/","title":{"rendered":"Submit your own contribution"},"content":{"rendered":"<div data-elementor-type=\"wp-page\" data-elementor-id=\"1701\" class=\"elementor elementor-1701\">\n\t\t\t\t<div class=\"elementor-element elementor-element-6fd7d70 e-flex e-con-boxed e-con e-parent\" data-id=\"6fd7d70\" data-element_type=\"container\" data-e-type=\"container\">\n\t\t\t\t\t<div class=\"e-con-inner\">\n\t\t\t\t<div class=\"elementor-element elementor-element-a3f4c80 elementor-widget elementor-widget-heading\" data-id=\"a3f4c80\" data-element_type=\"widget\" data-e-type=\"widget\" data-widget_type=\"heading.default\">\n\t\t\t\t<div class=\"elementor-widget-container\">\n\t\t\t\t\t<h2 class=\"elementor-heading-title elementor-size-default\">Submit your own contribution<\/h2>\t\t\t\t<\/div>\n\t\t\t\t<\/div>\n\t\t\t\t<div class=\"elementor-element elementor-element-b9eb3c9 elementor-widget elementor-widget-shortcode\" data-id=\"b9eb3c9\" data-element_type=\"widget\" data-e-type=\"widget\" data-widget_type=\"shortcode.default\">\n\t\t\t\t<div class=\"elementor-widget-container\">\n\t\t\t\t\t\t\t<div class=\"elementor-shortcode\">    <form id=\"mkn-user-submission-form\" action=\"https:\/\/www.who-we-are.org\/wp-admin\/admin-post.php\" method=\"post\"\r\n          enctype=\"multipart\/form-data\">\r\n        <input type=\"hidden\" id=\"mkn_user_submission_nonce\" name=\"mkn_user_submission_nonce\" value=\"40eb058a8a\" \/><input type=\"hidden\" name=\"_wp_http_referer\" value=\"\/en\/wp-json\/wp\/v2\/pages\/1701\" \/>        <input type=\"hidden\" name=\"action\" value=\"mkn_user_submission\">\r\n        <div id=\"mkn-form-errors\" class=\"mkn-form-errors\" role=\"alert\" aria-live=\"assertive\"><\/div>\r\n        <p>\r\n            <label for=\"mkn_title\">Title <span aria-hidden=\"true\">*<\/span><span class=\"mkn-sr-only\">(mandatory field)<\/span><\/label>\r\n            <input type=\"text\" name=\"mkn_title\" id=\"mkn_title\" style=\"width:100%;\" required aria-required=\"true\">\r\n        <\/p>\r\n        <p>\r\n            <label for=\"mkn_description\">Description <span aria-hidden=\"true\">*<\/span><span class=\"mkn-sr-only\">(mandatory field)<\/span><\/label>\r\n        <\/p>\r\n        <div id=\"wp-mkn_description-wrap\" class=\"wp-core-ui wp-editor-wrap tmce-active\"><link rel='stylesheet' id='dashicons-css' href='https:\/\/www.who-we-are.org\/wp-includes\/css\/dashicons.min.css?ver=6.9.4' media='all' \/>\n<link rel='stylesheet' id='editor-buttons-css' href='https:\/\/www.who-we-are.org\/wp-includes\/css\/editor.min.css?ver=6.9.4' media='all' \/>\n<div id=\"wp-mkn_description-editor-tools\" class=\"wp-editor-tools hide-if-no-js\"><div class=\"wp-editor-tabs\"><button type=\"button\" id=\"mkn_description-tmce\" aria-pressed=\"true\" class=\"wp-switch-editor switch-tmce\" data-wp-editor-id=\"mkn_description\">Visual<\/button>\n<button type=\"button\" id=\"mkn_description-html\" class=\"wp-switch-editor switch-html\" data-wp-editor-id=\"mkn_description\">Code<\/button>\n<\/div>\n<\/div>\n<div id=\"wp-mkn_description-editor-container\" class=\"wp-editor-container\"><div id=\"qt_mkn_description_toolbar\" class=\"quicktags-toolbar hide-if-no-js\"><\/div><textarea class=\"wp-editor-area\" rows=\"20\" autocomplete=\"off\" cols=\"40\" name=\"mkn_description\" id=\"mkn_description\"><\/textarea><\/div>\n<\/div>\n\n        <p>\r\n            <label for=\"mkn_shortdesc\">Brief description <span aria-hidden=\"true\">*<\/span><span class=\"mkn-sr-only\">(mandatory field)<\/span><\/label>\r\n            <textarea name=\"mkn_shortdesc\" id=\"mkn_shortdesc\" rows=\"3\" style=\"width:100%;\" required aria-required=\"true\"><\/textarea>\r\n        <\/p>\r\n        <p>\r\n            <label for=\"mkn_minority\">Thematic allocation to the minority <span aria-hidden=\"true\">*<\/span><span class=\"mkn-sr-only\">(mandatory field)<\/span><\/label>\r\n            <select name=\"mkn_minority\" id=\"mkn_minority\" required aria-required=\"true\">\r\n                <option value=\"\" selected disabled>Please select<\/option>\r\n                                    <option value=\"kaschuben\">\r\n                        Kashubians                    <\/option>\r\n                                    <option value=\"niedersorben\">\r\n                        Lower sorbent                    <\/option>\r\n                                    <option value=\"basken\">\r\n                        Basques                    <\/option>\r\n                                    <option value=\"siebenbuerger-sachsen\">\r\n                        Transylvanian Saxons                    <\/option>\r\n                                    <option value=\"waliser\">\r\n                        Welsh                    <\/option>\r\n                                    <option value=\"obersorbe\">\r\n                        Upper sorbent                    <\/option>\r\n                                    <option value=\"krimtataren\">\r\n                        Crimean Tatars                    <\/option>\r\n                                    <option value=\"nordfriesen\">\r\n                        North Frisians                    <\/option>\r\n                                    <option value=\"sinti-roma\">\r\n                        Sinti &amp; Roma                    <\/option>\r\n                                    <option value=\"deutsche-in-daenemark\">\r\n                        Germans in Denmark                    <\/option>\r\n                                    <option value=\"daenen-in-deutschland\">\r\n                        Danes in Germany                    <\/option>\r\n                            <\/select>\r\n        <\/p>\r\n        <p>\r\n            <label id=\"mkn-categories-label\">Categories <span aria-hidden=\"true\">*<\/span><span class=\"mkn-sr-only\">(mandatory field)<\/span><\/label>\r\n        <div class=\"mkn-categories\" role=\"group\" aria-labelledby=\"mkn-categories-label\">\r\n                            <label class=\"mkn-cat-checkbox\">\r\n                    <input type=\"checkbox\" name=\"mkn_categories[]\" value=\"8\">\r\n                    Contribution                <\/label>\r\n                            <label class=\"mkn-cat-checkbox\">\r\n                    <input type=\"checkbox\" name=\"mkn_categories[]\" value=\"15\">\r\n                    Dansk                <\/label>\r\n                            <label class=\"mkn-cat-checkbox\">\r\n                    <input type=\"checkbox\" name=\"mkn_categories[]\" value=\"19\">\r\n                    German                <\/label>\r\n                            <label class=\"mkn-cat-checkbox\">\r\n                    <input type=\"checkbox\" name=\"mkn_categories[]\" value=\"18\">\r\n                    English                <\/label>\r\n                            <label class=\"mkn-cat-checkbox\">\r\n                    <input type=\"checkbox\" name=\"mkn_categories[]\" value=\"10\">\r\n                    Tales                <\/label>\r\n                            <label class=\"mkn-cat-checkbox\">\r\n                    <input type=\"checkbox\" name=\"mkn_categories[]\" value=\"6\">\r\n                    Gallery                <\/label>\r\n                            <label class=\"mkn-cat-checkbox\">\r\n                    <input type=\"checkbox\" name=\"mkn_categories[]\" value=\"5\">\r\n                    Podcast                <\/label>\r\n                            <label class=\"mkn-cat-checkbox\">\r\n                    <input type=\"checkbox\" name=\"mkn_categories[]\" value=\"9\">\r\n                    Romanes                <\/label>\r\n                            <label class=\"mkn-cat-checkbox\">\r\n                    <input type=\"checkbox\" name=\"mkn_categories[]\" value=\"17\">\r\n                    Sorbs                <\/label>\r\n                            <label class=\"mkn-cat-checkbox\">\r\n                    <input type=\"checkbox\" name=\"mkn_categories[]\" value=\"11\">\r\n                    Video                <\/label>\r\n                    <\/div>\r\n        <\/p>\r\n        <p id=\"mkn-map-instruction\">Please select a geographical point on the map <span aria-hidden=\"true\">*<\/span><\/p>\r\n        <div id=\"mkn-location-map\" role=\"application\" aria-labelledby=\"mkn-map-instruction\" tabindex=\"0\"><\/div>\r\n        <input type=\"hidden\" name=\"mkn_lat\" id=\"mkn_lat\" required>\r\n        <input type=\"hidden\" name=\"mkn_long\" id=\"mkn_long\" required>\r\n        <p>\r\n            <label for=\"mkn_featured\">Cover picture <span aria-hidden=\"true\">*<\/span><span class=\"mkn-sr-only\">(mandatory field)<\/span> (max. 5MB)<\/label>\r\n            <input type=\"file\" name=\"mkn_featured\" id=\"mkn_featured\" accept=\".jpg,.jpeg,.png\" required aria-required=\"true\">\r\n        <\/p>\r\n        <p>\r\n            <label for=\"mkn_files\">Additional files (max. 10, max. 5MB each)<\/label>\r\n            <input type=\"file\" name=\"mkn_files[]\" id=\"mkn_files\" accept=\".jpg,.jpeg,.png,.mp4,.mp3,.pdf,.txt\" multiple>\r\n            <small>For larger files, please send us an e-mail to moin@who-we-are.org.<\/small>\r\n        <\/p>\r\n        <p>\r\n            <label for=\"mkn_media_type\">Media type <span aria-hidden=\"true\">*<\/span><span class=\"mkn-sr-only\">(mandatory field)<\/span><\/label>\r\n            <select name=\"mkn_media_type\" id=\"mkn_media_type\" required aria-required=\"true\">\r\n                <option value=\"beitrag\">Contribution<\/option>\r\n                <option value=\"video\">Video<\/option>\r\n                <option value=\"podcast\">Podcast<\/option>\r\n                <option value=\"galerie\">Gallery<\/option>\r\n            <\/select>\r\n        <\/p>\r\n        <p>\r\n            <label for=\"mkn_name\">Name <span aria-hidden=\"true\">*<\/span><span class=\"mkn-sr-only\">(mandatory field)<\/span><\/label>\r\n            <input type=\"text\" name=\"mkn_name\" id=\"mkn_name\" style=\"width:100%;\" required aria-required=\"true\">\r\n        <\/p>\r\n        <p>\r\n            <label for=\"mkn_email\">e-mail <span aria-hidden=\"true\">*<\/span><span class=\"mkn-sr-only\">(mandatory field)<\/span><\/label>\r\n            <input type=\"email\" name=\"mkn_email\" id=\"mkn_email\" style=\"width:100%;\" required aria-required=\"true\">\r\n        <\/p>\r\n        <p>\r\n            <label>\r\n                <input type=\"checkbox\" name=\"mkn_consent\" required>\r\n                By submitting my contribution, I agree that my personal data and the content I have uploaded (texts, photos, videos, audio) may be published as part of the \u201eWho We Are\u201d exhibition - digitally on https:\/\/who-we-are.org - analogously in exhibition formats (e.g. posters, print materials, QR codes). I am aware that my content is publicly accessible and can be stored or redistributed by third parties. I have the <a href=\"\/\/www.who-we-are.org\/en\/datenschutz\/\u201d\" target=\"\u201d_blank\u201d\" rel=\"\u201dnoopener\u201d\">Data protection information<span class=\"\u201dmkn-sr-only\u201d\"> (opens in new tab)<\/span><\/a> and know that I can revoke my consent at any time with effect for the future.            <\/label>\r\n        <\/p>\r\n        <p>\r\n            <label>\r\n                <input type=\"checkbox\" name=\"mkn_copyright\"\r\n                       required> I own the copyright to the uploaded material.            <\/label>\r\n        <\/p>\r\n        <p><input type=\"submit\" value=\"Sending\"><\/p>\r\n    <\/form>\r\n    <\/div>\n\t\t\t\t\t\t<\/div>\n\t\t\t\t<\/div>\n\t\t\t\t<div class=\"elementor-element elementor-element-d25c15f elementor-widget elementor-widget-n-accordion\" data-id=\"d25c15f\" data-element_type=\"widget\" data-e-type=\"widget\" data-settings=\"{&quot;default_state&quot;:&quot;all_collapsed&quot;,&quot;max_items_expended&quot;:&quot;one&quot;,&quot;n_accordion_animation_duration&quot;:{&quot;unit&quot;:&quot;ms&quot;,&quot;size&quot;:400,&quot;sizes&quot;:[]}}\" data-widget_type=\"nested-accordion.default\">\n\t\t\t\t<div class=\"elementor-widget-container\">\n\t\t\t\t\t\t\t<div class=\"e-n-accordion\" aria-label=\"Accordion. Open links with Enter or Space, close with Escape, and navigate with Arrow Keys\">\n\t\t\t\t\t\t<details id=\"e-n-accordion-item-2200\" class=\"e-n-accordion-item\" >\n\t\t\t\t<summary class=\"e-n-accordion-item-title\" data-accordion-index=\"1\" tabindex=\"0\" aria-expanded=\"false\" aria-controls=\"e-n-accordion-item-2200\" >\n\t\t\t\t\t<span class='e-n-accordion-item-title-header'><div class=\"e-n-accordion-item-title-text\"> Datenschutzhinweise \/ Privacy Notice <\/div><\/span>\n\t\t\t\t\t\t\t<span class='e-n-accordion-item-title-icon'>\n\t\t\t<span class='e-opened' ><svg aria-hidden=\"true\" class=\"e-font-icon-svg e-fas-minus\" viewbox=\"0 0 448 512\" xmlns=\"http:\/\/www.w3.org\/2000\/svg\"><path d=\"M416 208H32c-17.67 0-32 14.33-32 32v32c0 17.67 14.33 32 32 32h384c17.67 0 32-14.33 32-32v-32c0-17.67-14.33-32-32-32z\"><\/path><\/svg><\/span>\n\t\t\t<span class='e-closed'><svg aria-hidden=\"true\" class=\"e-font-icon-svg e-fas-plus\" viewbox=\"0 0 448 512\" xmlns=\"http:\/\/www.w3.org\/2000\/svg\"><path d=\"M416 208H272V64c0-17.67-14.33-32-32-32h-32c-17.67 0-32 14.33-32 32v144H32c-17.67 0-32 14.33-32 32v32c0 17.67 14.33 32 32 32h144v144c0 17.67 14.33 32 32 32h32c17.67 0 32-14.33 32-32V304h144c17.67 0 32-14.33 32-32v-32c0-17.67-14.33-32-32-32z\"><\/path><\/svg><\/span>\n\t\t<\/span>\n\n\t\t\t\t\t\t<\/summary>\n\t\t\t\t<div role=\"region\" aria-labelledby=\"e-n-accordion-item-2200\" class=\"elementor-element elementor-element-ce40cc2 e-con-full e-flex e-con e-child\" data-id=\"ce40cc2\" data-element_type=\"container\" data-e-type=\"container\">\n\t\t\t\t<div class=\"elementor-element elementor-element-25206a3 elementor-widget elementor-widget-text-editor\" data-id=\"25206a3\" data-element_type=\"widget\" data-e-type=\"widget\" data-widget_type=\"text-editor.default\">\n\t\t\t\t<div class=\"elementor-widget-container\">\n\t\t\t\t\t\t\t\t\t<p><strong>Responsible body \/ Controller<\/strong><br \/>Minority Competence Network Schleswig-Holstein \/ Southern Denmark e. V.<br \/>Akademieweg 6<br \/>24988 Oeversee, Germany \/ Germany<br \/>Phone: +49 4630 55161<br \/>E-mail: mkn@sankelmark.de<br \/>Web: <a href=\"https:\/\/minority-network.org\" target=\"_blank\" rel=\"noopener\">https:\/\/minority-network.org<\/a><\/p><p>\u00a0<\/p><p><strong>Purposes of the processing \/ Purposes of processing<\/strong><br \/>We process your personal data (e.g. name, contact details, uploaded texts, images, videos, audio) exclusively for:<\/p><ul><li>Organization, implementation and public presentation of the digital exhibition \u201eWho We Are\u201c on <a href=\"https:\/\/www.who-we-are.org\/en\/\">https:\/\/who-we-are.org<\/a><\/li><li>Partial analog reproduction of the exhibition (e.g. posters, print materials, QR codes, stationary displays)<\/li><li>Project documentation<\/li><\/ul><p>We process your personal data (e.g., name, contact details, uploaded texts, images, videos, audio) solely for:<\/p><ul><li>organization, execution, and public presentation of the digital exhibition \u201cWho We Are\u201d on <a href=\"https:\/\/www.who-we-are.org\/en\/\">https:\/\/who-we-are.org<\/a><\/li><li>partial analog reproduction of the exhibition (e.g., posters, printed materials, QR codes, on-site displays)<\/li><li>project documentation<\/li><\/ul><p><strong>Legal basis \/ Legal basis<\/strong><br \/>Art. 6(1)(a) GDPR (consent) and, if applicable, Art. 6(1)(b) GDPR (performance of a contract).<br \/>Special categories of personal data (Art. 9 GDPR) will only be processed with explicit consent.<\/p><p>\u00a0<\/p><p><strong>Speicherdauer \/ Storage period<\/strong><br \/>Bis maximal 5 Jahre nach Projektende \/ Up to 5 years after the project ends, unless deletion is requested earlier.<\/p><p>\u00a0<\/p><p><strong>Recipients \/ Recipients<\/strong><br \/>Only authorized MKN employees; public content can be accessed worldwide.<br \/>Only authorized MKN staff; public content is accessible worldwide.<\/p><p>\u00a0<\/p><p><strong>Rights \/ Your rights<\/strong><br \/>Information, correction, deletion, restriction, objection, data portability, revocation (Art. 7(3) GDPR).<br \/>Right of access, rectification, erasure, restriction, objection, portability, withdrawal (Art. 7(3) GDPR).<\/p><p>Beschwerde bei \/ Complaint to:<br \/>Independent State Center for Data Protection Schleswig-Holstein (ULD)<br \/>Holstenstra\u00dfe 98, 24103 Kiel, Germany<br \/>Web: <a href=\"https:\/\/www.datenschutzzentrum.de\" target=\"_blank\" rel=\"noopener\">https:\/\/www.datenschutzzentrum.de<\/a><\/p><p>\u00a0<\/p><p><strong>Voluntariness<\/strong><br \/>This information is voluntary, but required for participation.<br \/>Providing data is voluntary but required for participation.<\/p>\t\t\t\t\t\t\t\t<\/div>\n\t\t\t\t<\/div>\n\t\t\t\t<\/div>\n\t\t\t\t\t<\/details>\n\t\t\t\t\t<\/div>\n\t\t\t\t\t\t<\/div>\n\t\t\t\t<\/div>\n\t\t\t\t\t<\/div>\n\t\t\t\t<\/div>\n\t\t\t\t<\/div>","protected":false},"excerpt":{"rendered":"<p>Eigenen Beitrag einreichen Datenschutzhinweise \/ Privacy Notice Verantwortliche Stelle \/ ControllerMinderheiten-Kompetenz-Netzwerk Schleswig-Holstein \/ S\u00fcdd\u00e4nemark e. V.Akademieweg 624988 Oeversee, Deutschland \/ GermanyTel.: +49 4630 55161E-Mail: mkn@sankelmark.deWeb: https:\/\/minority-network.org \u00a0 Zwecke der Verarbeitung \/ Purposes of processingWir verarbeiten deine\/Ihre personenbezogenen Daten (z. B. Name, Kontaktdaten, hochgeladene Texte, Bilder, Videos, Audio) ausschlie\u00dflich f\u00fcr: Organisation, Durchf\u00fchrung und \u00f6ffentliche Pr\u00e4sentation der [&hellip;]<\/p>\n","protected":false},"author":1,"featured_media":0,"parent":0,"menu_order":0,"comment_status":"closed","ping_status":"closed","template":"","meta":{"_acf_changed":false,"site-sidebar-layout":"no-sidebar","site-content-layout":"page-builder","ast-site-content-layout":"full-width-container","site-content-style":"default","site-sidebar-style":"default","ast-global-header-display":"","ast-banner-title-visibility":"","ast-main-header-display":"","ast-hfb-above-header-display":"","ast-hfb-below-header-display":"","ast-hfb-mobile-header-display":"","site-post-title":"","ast-breadcrumbs-content":"","ast-featured-img":"disabled","footer-sml-layout":"","ast-disable-related-posts":"","theme-transparent-header-meta":"","adv-header-id-meta":"","stick-header-meta":"","header-above-stick-meta":"","header-main-stick-meta":"","header-below-stick-meta":"","astra-migrate-meta-layouts":"set","ast-page-background-enabled":"default","ast-page-background-meta":{"desktop":{"background-color":"var(--ast-global-color-4)","background-image":"","background-repeat":"repeat","background-position":"center center","background-size":"auto","background-attachment":"scroll","background-type":"","background-media":"","overlay-type":"","overlay-color":"","overlay-opacity":"","overlay-gradient":""},"tablet":{"background-color":"","background-image":"","background-repeat":"repeat","background-position":"center center","background-size":"auto","background-attachment":"scroll","background-type":"","background-media":"","overlay-type":"","overlay-color":"","overlay-opacity":"","overlay-gradient":""},"mobile":{"background-color":"","background-image":"","background-repeat":"repeat","background-position":"center center","background-size":"auto","background-attachment":"scroll","background-type":"","background-media":"","overlay-type":"","overlay-color":"","overlay-opacity":"","overlay-gradient":""}},"ast-content-background-meta":{"desktop":{"background-color":"var(--ast-global-color-5)","background-image":"","background-repeat":"repeat","background-position":"center center","background-size":"auto","background-attachment":"scroll","background-type":"","background-media":"","overlay-type":"","overlay-color":"","overlay-opacity":"","overlay-gradient":""},"tablet":{"background-color":"var(--ast-global-color-5)","background-image":"","background-repeat":"repeat","background-position":"center center","background-size":"auto","background-attachment":"scroll","background-type":"","background-media":"","overlay-type":"","overlay-color":"","overlay-opacity":"","overlay-gradient":""},"mobile":{"background-color":"var(--ast-global-color-5)","background-image":"","background-repeat":"repeat","background-position":"center center","background-size":"auto","background-attachment":"scroll","background-type":"","background-media":"","overlay-type":"","overlay-color":"","overlay-opacity":"","overlay-gradient":""}},"footnotes":""},"class_list":["post-1701","page","type-page","status-publish","hentry"],"acf":[],"_links":{"self":[{"href":"https:\/\/www.who-we-are.org\/en\/wp-json\/wp\/v2\/pages\/1701","targetHints":{"allow":["GET"]}}],"collection":[{"href":"https:\/\/www.who-we-are.org\/en\/wp-json\/wp\/v2\/pages"}],"about":[{"href":"https:\/\/www.who-we-are.org\/en\/wp-json\/wp\/v2\/types\/page"}],"author":[{"embeddable":true,"href":"https:\/\/www.who-we-are.org\/en\/wp-json\/wp\/v2\/users\/1"}],"replies":[{"embeddable":true,"href":"https:\/\/www.who-we-are.org\/en\/wp-json\/wp\/v2\/comments?post=1701"}],"version-history":[{"count":10,"href":"https:\/\/www.who-we-are.org\/en\/wp-json\/wp\/v2\/pages\/1701\/revisions"}],"predecessor-version":[{"id":1778,"href":"https:\/\/www.who-we-are.org\/en\/wp-json\/wp\/v2\/pages\/1701\/revisions\/1778"}],"wp:attachment":[{"href":"https:\/\/www.who-we-are.org\/en\/wp-json\/wp\/v2\/media?parent=1701"}],"curies":[{"name":"wp","href":"https:\/\/api.w.org\/{rel}","templated":true}]}}