{"id":1701,"date":"2025-07-16T11:28:21","date_gmt":"2025-07-16T11:28:21","guid":{"rendered":"https:\/\/mkn.eliasarndt.de\/?page_id=1701"},"modified":"2025-08-13T18:04:17","modified_gmt":"2025-08-13T18:04:17","slug":"indsend-dit-eget-bidrag","status":"publish","type":"page","link":"https:\/\/www.who-we-are.org\/da\/eigenen-beitrag-einreichen\/","title":{"rendered":"Indsend dit eget bidrag"},"content":{"rendered":"<div data-elementor-type=\"wp-page\" data-elementor-id=\"1701\" class=\"elementor elementor-1701\">\n\t\t\t\t<div class=\"elementor-element elementor-element-6fd7d70 e-flex e-con-boxed e-con e-parent\" data-id=\"6fd7d70\" data-element_type=\"container\" data-e-type=\"container\">\n\t\t\t\t\t<div class=\"e-con-inner\">\n\t\t\t\t<div class=\"elementor-element elementor-element-a3f4c80 elementor-widget elementor-widget-heading\" data-id=\"a3f4c80\" data-element_type=\"widget\" data-e-type=\"widget\" data-widget_type=\"heading.default\">\n\t\t\t\t<div class=\"elementor-widget-container\">\n\t\t\t\t\t<h2 class=\"elementor-heading-title elementor-size-default\">Indsend dit eget bidrag<\/h2>\t\t\t\t<\/div>\n\t\t\t\t<\/div>\n\t\t\t\t<div class=\"elementor-element elementor-element-b9eb3c9 elementor-widget elementor-widget-shortcode\" data-id=\"b9eb3c9\" data-element_type=\"widget\" data-e-type=\"widget\" data-widget_type=\"shortcode.default\">\n\t\t\t\t<div class=\"elementor-widget-container\">\n\t\t\t\t\t\t\t<div class=\"elementor-shortcode\">    <form id=\"mkn-user-submission-form\" action=\"https:\/\/www.who-we-are.org\/wp-admin\/admin-post.php\" method=\"post\"\r\n          enctype=\"multipart\/form-data\">\r\n        <input type=\"hidden\" id=\"mkn_user_submission_nonce\" name=\"mkn_user_submission_nonce\" value=\"067ddd782d\" \/><input type=\"hidden\" name=\"_wp_http_referer\" value=\"\/da\/wp-json\/wp\/v2\/pages\/1701\" \/>        <input type=\"hidden\" name=\"action\" value=\"mkn_user_submission\">\r\n        <div id=\"mkn-form-errors\" class=\"mkn-form-errors\" role=\"alert\" aria-live=\"assertive\"><\/div>\r\n        <p>\r\n            <label for=\"mkn_title\">Titel <span aria-hidden=\"true\">*<\/span><span class=\"mkn-sr-only\">(obligatorisk felt)<\/span><\/label>\r\n            <input type=\"text\" name=\"mkn_title\" id=\"mkn_title\" style=\"width:100%;\" required aria-required=\"true\">\r\n        <\/p>\r\n        <p>\r\n            <label for=\"mkn_description\">Beskrivelse af <span aria-hidden=\"true\">*<\/span><span class=\"mkn-sr-only\">(obligatorisk felt)<\/span><\/label>\r\n        <\/p>\r\n        <div id=\"wp-mkn_description-wrap\" class=\"wp-core-ui wp-editor-wrap tmce-active\"><link rel='stylesheet' id='dashicons-css' href='https:\/\/www.who-we-are.org\/wp-includes\/css\/dashicons.min.css?ver=6.9.4' media='all' \/>\n<link rel='stylesheet' id='editor-buttons-css' href='https:\/\/www.who-we-are.org\/wp-includes\/css\/editor.min.css?ver=6.9.4' media='all' \/>\n<div id=\"wp-mkn_description-editor-tools\" class=\"wp-editor-tools hide-if-no-js\"><div class=\"wp-editor-tabs\"><button type=\"button\" id=\"mkn_description-tmce\" aria-pressed=\"true\" class=\"wp-switch-editor switch-tmce\" data-wp-editor-id=\"mkn_description\">Visuel<\/button>\n<button type=\"button\" id=\"mkn_description-html\" class=\"wp-switch-editor switch-html\" data-wp-editor-id=\"mkn_description\">Kode<\/button>\n<\/div>\n<\/div>\n<div id=\"wp-mkn_description-editor-container\" class=\"wp-editor-container\"><div id=\"qt_mkn_description_toolbar\" class=\"quicktags-toolbar hide-if-no-js\"><\/div><textarea class=\"wp-editor-area\" rows=\"20\" autocomplete=\"off\" cols=\"40\" name=\"mkn_description\" id=\"mkn_description\"><\/textarea><\/div>\n<\/div>\n\n        <p>\r\n            <label for=\"mkn_shortdesc\">Kort beskrivelse <span aria-hidden=\"true\">*<\/span><span class=\"mkn-sr-only\">(obligatorisk felt)<\/span><\/label>\r\n            <textarea name=\"mkn_shortdesc\" id=\"mkn_shortdesc\" rows=\"3\" style=\"width:100%;\" required aria-required=\"true\"><\/textarea>\r\n        <\/p>\r\n        <p>\r\n            <label for=\"mkn_minority\">Tematisk tildeling til mindretallet <span aria-hidden=\"true\">*<\/span><span class=\"mkn-sr-only\">(obligatorisk felt)<\/span><\/label>\r\n            <select name=\"mkn_minority\" id=\"mkn_minority\" required aria-required=\"true\">\r\n                <option value=\"\" selected disabled>V\u00e6lg venligst<\/option>\r\n                                    <option value=\"kaschuben\">\r\n                        Kashubianere                    <\/option>\r\n                                    <option value=\"niedersorben\">\r\n                        Lavere sorbent                    <\/option>\r\n                                    <option value=\"basken\">\r\n                        Baskerne                    <\/option>\r\n                                    <option value=\"siebenbuerger-sachsen\">\r\n                        Transsylvanske saksere                    <\/option>\r\n                                    <option value=\"waliser\">\r\n                        Walisisk                    <\/option>\r\n                                    <option value=\"obersorbe\">\r\n                        \u00d8vre sorbent                    <\/option>\r\n                                    <option value=\"krimtataren\">\r\n                        Krim-tatarerne                    <\/option>\r\n                                    <option value=\"nordfriesen\">\r\n                        Nordfrisere                    <\/option>\r\n                                    <option value=\"sinti-roma\">\r\n                        Sinti og romaer                    <\/option>\r\n                                    <option value=\"deutsche-in-daenemark\">\r\n                        Tyskere i Danmark                    <\/option>\r\n                                    <option value=\"daenen-in-deutschland\">\r\n                        Danskere i Tyskland                    <\/option>\r\n                            <\/select>\r\n        <\/p>\r\n        <p>\r\n            <label id=\"mkn-categories-label\">Kategorier <span aria-hidden=\"true\">*<\/span><span class=\"mkn-sr-only\">(obligatorisk felt)<\/span><\/label>\r\n        <div class=\"mkn-categories\" role=\"group\" aria-labelledby=\"mkn-categories-label\">\r\n                            <label class=\"mkn-cat-checkbox\">\r\n                    <input type=\"checkbox\" name=\"mkn_categories[]\" value=\"8\">\r\n                    Bidrag                <\/label>\r\n                            <label class=\"mkn-cat-checkbox\">\r\n                    <input type=\"checkbox\" name=\"mkn_categories[]\" value=\"15\">\r\n                    Dansk                <\/label>\r\n                            <label class=\"mkn-cat-checkbox\">\r\n                    <input type=\"checkbox\" name=\"mkn_categories[]\" value=\"19\">\r\n                    Tysk                <\/label>\r\n                            <label class=\"mkn-cat-checkbox\">\r\n                    <input type=\"checkbox\" name=\"mkn_categories[]\" value=\"18\">\r\n                    Engelsk                <\/label>\r\n                            <label class=\"mkn-cat-checkbox\">\r\n                    <input type=\"checkbox\" name=\"mkn_categories[]\" value=\"10\">\r\n                    Fort\u00e6llinger                <\/label>\r\n                            <label class=\"mkn-cat-checkbox\">\r\n                    <input type=\"checkbox\" name=\"mkn_categories[]\" value=\"6\">\r\n                    Galleri                <\/label>\r\n                            <label class=\"mkn-cat-checkbox\">\r\n                    <input type=\"checkbox\" name=\"mkn_categories[]\" value=\"5\">\r\n                    Podcast                <\/label>\r\n                            <label class=\"mkn-cat-checkbox\">\r\n                    <input type=\"checkbox\" name=\"mkn_categories[]\" value=\"9\">\r\n                    Romanes                <\/label>\r\n                            <label class=\"mkn-cat-checkbox\">\r\n                    <input type=\"checkbox\" name=\"mkn_categories[]\" value=\"17\">\r\n                    Sorber                <\/label>\r\n                            <label class=\"mkn-cat-checkbox\">\r\n                    <input type=\"checkbox\" name=\"mkn_categories[]\" value=\"11\">\r\n                    Video                <\/label>\r\n                    <\/div>\r\n        <\/p>\r\n        <p id=\"mkn-map-instruction\">V\u00e6lg venligst et geografisk punkt p\u00e5 kortet <span aria-hidden=\"true\">*<\/span><\/p>\r\n        <div id=\"mkn-location-map\" role=\"application\" aria-labelledby=\"mkn-map-instruction\" tabindex=\"0\"><\/div>\r\n        <input type=\"hidden\" name=\"mkn_lat\" id=\"mkn_lat\" required>\r\n        <input type=\"hidden\" name=\"mkn_long\" id=\"mkn_long\" required>\r\n        <p>\r\n            <label for=\"mkn_featured\">Forsidebillede <span aria-hidden=\"true\">*<\/span><span class=\"mkn-sr-only\">(obligatorisk felt)<\/span> (maks. 5 MB)<\/label>\r\n            <input type=\"file\" name=\"mkn_featured\" id=\"mkn_featured\" accept=\".jpg,.jpeg,.png\" required aria-required=\"true\">\r\n        <\/p>\r\n        <p>\r\n            <label for=\"mkn_files\">Yderligere filer (maks. 10, maks. 5 MB hver)<\/label>\r\n            <input type=\"file\" name=\"mkn_files[]\" id=\"mkn_files\" accept=\".jpg,.jpeg,.png,.mp4,.mp3,.pdf,.txt\" multiple>\r\n            <small>For st\u00f8rre filer, send os venligst en e-mail til moin@who-we-are.org.<\/small>\r\n        <\/p>\r\n        <p>\r\n            <label for=\"mkn_media_type\">Medietype <span aria-hidden=\"true\">*<\/span><span class=\"mkn-sr-only\">(obligatorisk felt)<\/span><\/label>\r\n            <select name=\"mkn_media_type\" id=\"mkn_media_type\" required aria-required=\"true\">\r\n                <option value=\"beitrag\">Bidrag<\/option>\r\n                <option value=\"video\">Video<\/option>\r\n                <option value=\"podcast\">Podcast<\/option>\r\n                <option value=\"galerie\">Galleri<\/option>\r\n            <\/select>\r\n        <\/p>\r\n        <p>\r\n            <label for=\"mkn_name\">Navn <span aria-hidden=\"true\">*<\/span><span class=\"mkn-sr-only\">(obligatorisk felt)<\/span><\/label>\r\n            <input type=\"text\" name=\"mkn_name\" id=\"mkn_name\" style=\"width:100%;\" required aria-required=\"true\">\r\n        <\/p>\r\n        <p>\r\n            <label for=\"mkn_email\">e-mail <span aria-hidden=\"true\">*<\/span><span class=\"mkn-sr-only\">(obligatorisk felt)<\/span><\/label>\r\n            <input type=\"email\" name=\"mkn_email\" id=\"mkn_email\" style=\"width:100%;\" required aria-required=\"true\">\r\n        <\/p>\r\n        <p>\r\n            <label>\r\n                <input type=\"checkbox\" name=\"mkn_consent\" required>\r\n                Ved at indsende mit bidrag accepterer jeg, at mine personlige data og det indhold, jeg har uploadet (tekster, fotos, videoer, lyd), kan blive offentliggjort som en del af udstillingen \u201eWho We Are\u201d - digitalt p\u00e5 https:\/\/who-we-are.org - i analoge udstillingsformater (f.eks. plakater, trykte materialer, QR-koder). Jeg er klar over, at mit indhold er offentligt tilg\u00e6ngeligt og kan gemmes eller videredistribueres af tredjeparter. Jeg har ret til at <a href=\"\/\/www.who-we-are.org\/da\/datenschutz\/\u201d\" target=\"\u201d_blank\u201d\" rel=\"\u201dnoopener\u201d\">Information om databeskyttelse<span class=\"\u201dmkn-sr-only\u201d\"> (\u00e5bner i ny fane)<\/span><\/a> og ved, at jeg til enhver tid kan tilbagekalde mit samtykke med virkning for fremtiden.            <\/label>\r\n        <\/p>\r\n        <p>\r\n            <label>\r\n                <input type=\"checkbox\" name=\"mkn_copyright\"\r\n                       required> Jeg ejer ophavsretten til det uploadede materiale.            <\/label>\r\n        <\/p>\r\n        <p><input type=\"submit\" value=\"Afsendelse\"><\/p>\r\n    <\/form>\r\n    <\/div>\n\t\t\t\t\t\t<\/div>\n\t\t\t\t<\/div>\n\t\t\t\t<div class=\"elementor-element elementor-element-d25c15f elementor-widget elementor-widget-n-accordion\" data-id=\"d25c15f\" data-element_type=\"widget\" data-e-type=\"widget\" data-settings=\"{&quot;default_state&quot;:&quot;all_collapsed&quot;,&quot;max_items_expended&quot;:&quot;one&quot;,&quot;n_accordion_animation_duration&quot;:{&quot;unit&quot;:&quot;ms&quot;,&quot;size&quot;:400,&quot;sizes&quot;:[]}}\" data-widget_type=\"nested-accordion.default\">\n\t\t\t\t<div class=\"elementor-widget-container\">\n\t\t\t\t\t\t\t<div class=\"e-n-accordion\" aria-label=\"Accordeon. \u00c5bn links med Enter eller Space, luk med Escape, og naviger med piletasterne.\">\n\t\t\t\t\t\t<details id=\"e-n-accordion-item-2200\" class=\"e-n-accordion-item\" >\n\t\t\t\t<summary class=\"e-n-accordion-item-title\" data-accordion-index=\"1\" tabindex=\"0\" aria-expanded=\"false\" aria-controls=\"e-n-accordion-item-2200\" >\n\t\t\t\t\t<span class='e-n-accordion-item-title-header'><div class=\"e-n-accordion-item-title-text\"> Datenschutzhinweise \/ Meddelelse om beskyttelse af personlige oplysninger <\/div><\/span>\n\t\t\t\t\t\t\t<span class='e-n-accordion-item-title-icon'>\n\t\t\t<span class='e-opened' ><svg aria-hidden=\"true\" class=\"e-font-icon-svg e-fas-minus\" viewbox=\"0 0 448 512\" xmlns=\"http:\/\/www.w3.org\/2000\/svg\"><path d=\"M416 208H32c-17.67 0-32 14.33-32 32v32c0 17.67 14.33 32 32 32h384c17.67 0 32-14.33 32-32v-32c0-17.67-14.33-32-32-32z\"><\/path><\/svg><\/span>\n\t\t\t<span class='e-closed'><svg aria-hidden=\"true\" class=\"e-font-icon-svg e-fas-plus\" viewbox=\"0 0 448 512\" xmlns=\"http:\/\/www.w3.org\/2000\/svg\"><path d=\"M416 208H272V64c0-17.67-14.33-32-32-32h-32c-17.67 0-32 14.33-32 32v144H32c-17.67 0-32 14.33-32 32v32c0 17.67 14.33 32 32 32h144v144c0 17.67 14.33 32 32 32h32c17.67 0 32-14.33 32-32V304h144c17.67 0 32-14.33 32-32v-32c0-17.67-14.33-32-32-32z\"><\/path><\/svg><\/span>\n\t\t<\/span>\n\n\t\t\t\t\t\t<\/summary>\n\t\t\t\t<div role=\"region\" aria-labelledby=\"e-n-accordion-item-2200\" class=\"elementor-element elementor-element-ce40cc2 e-con-full e-flex e-con e-child\" data-id=\"ce40cc2\" data-element_type=\"container\" data-e-type=\"container\">\n\t\t\t\t<div class=\"elementor-element elementor-element-25206a3 elementor-widget elementor-widget-text-editor\" data-id=\"25206a3\" data-element_type=\"widget\" data-e-type=\"widget\" data-widget_type=\"text-editor.default\">\n\t\t\t\t<div class=\"elementor-widget-container\">\n\t\t\t\t\t\t\t\t\t<p><strong>Ansvarligt organ \/ controller<\/strong><br \/>Minoritetskompetencenetv\u00e6rk Slesvig-Holsten \/ Syddanmark e. V.<br \/>Akademieweg 6<br \/>24988 Oeversee, Tyskland \/ Tyskland<br \/>Telefon: +49 4630 55161<br \/>E-mail: mkn@sankelmark.de<br \/>Web: <a href=\"https:\/\/minority-network.org\" target=\"_blank\" rel=\"noopener\">https:\/\/minority-network.org<\/a><\/p><p>\u00a0<\/p><p><strong>Form\u00e5l med behandlingen \/ Form\u00e5l med behandlingen<\/strong><br \/>Vi behandler udelukkende dine personoplysninger (f.eks. navn, kontaktoplysninger, uploadede tekster, billeder, videoer, lyd) til:<\/p><ul><li>Organisering, gennemf\u00f8relse og offentlig pr\u00e6sentation af den digitale udstilling \u201eWho We Are\u201c p\u00e5 <a href=\"https:\/\/www.who-we-are.org\/da\/\">https:\/\/who-we-are.org<\/a><\/li><li>Delvis analog reproduktion af udstillingen (f.eks. plakater, trykte materialer, QR-koder, station\u00e6re displays)<\/li><li>Dokumentation af projektet<\/li><\/ul><p>Vi behandler dine personoplysninger (f.eks. navn, kontaktoplysninger, uploadede tekster, billeder, videoer, lyd) udelukkende til:<\/p><ul><li>organisering, udf\u00f8relse og offentlig pr\u00e6sentation af den digitale udstilling \u201cWho We Are\u201d p\u00e5 <a href=\"https:\/\/www.who-we-are.org\/da\/\">https:\/\/who-we-are.org<\/a><\/li><li>delvis analog gengivelse af udstillingen (f.eks. plakater, trykte materialer, QR-koder, udstillinger p\u00e5 stedet)<\/li><li>projektdokumentation<\/li><\/ul><p><strong>Juridisk grundlag \/ Legal basis<\/strong><br \/>Art. 6(1)(a) GDPR (samtykke) og, hvis relevant, Art. 6(1)(b) GDPR (opfyldelse af en kontrakt).<br \/>S\u00e6rlige kategorier af personoplysninger (art. 9 GDPR) vil kun blive behandlet med udtrykkeligt samtykke.<\/p><p>\u00a0<\/p><p><strong>Speicherdauer \/ Opbevaringsperiode<\/strong><br \/>Bis maximal 5 Jahre nach Projektende \/ Op til 5 \u00e5r efter projektets afslutning, medmindre der anmodes om sletning tidligere.<\/p><p>\u00a0<\/p><p><strong>Modtagere \/ Modtagere<\/strong><br \/>Kun autoriserede MKN-medarbejdere; offentligt indhold kan tilg\u00e5s i hele verden.<br \/>Kun autoriseret MKN-personale; offentligt indhold er tilg\u00e6ngeligt i hele verden.<\/p><p>\u00a0<\/p><p><strong>Rettigheder \/ Dine rettigheder<\/strong><br \/>Information, berigtigelse, sletning, begr\u00e6nsning, indsigelse, dataportabilitet, annullering (art. 7(3) GDPR).<br \/>Ret til adgang, berigtigelse, sletning, begr\u00e6nsning, indsigelse, portabilitet, tilbagetr\u00e6kning (artikel 7, stk. 3, i GDPR).<\/p><p>Beschwerde bei \/ Klager til:<br \/>Det uafh\u00e6ngige statslige center for databeskyttelse i Slesvig-Holsten (ULD)<br \/>Holstenstra\u00dfe 98, 24103 Kiel, Tyskland<br \/>Web: <a href=\"https:\/\/www.datenschutzzentrum.de\" target=\"_blank\" rel=\"noopener\">https:\/\/www.datenschutzzentrum.de<\/a><\/p><p>\u00a0<\/p><p><strong>Frivillighed<\/strong><br \/>Disse oplysninger er frivillige, men n\u00f8dvendige for at kunne deltage.<br \/>Det er frivilligt at levere data, men det er n\u00f8dvendigt for at deltage.<\/p>\t\t\t\t\t\t\t\t<\/div>\n\t\t\t\t<\/div>\n\t\t\t\t<\/div>\n\t\t\t\t\t<\/details>\n\t\t\t\t\t<\/div>\n\t\t\t\t\t\t<\/div>\n\t\t\t\t<\/div>\n\t\t\t\t\t<\/div>\n\t\t\t\t<\/div>\n\t\t\t\t<\/div>","protected":false},"excerpt":{"rendered":"<p>Eigenen Beitrag einreichen Datenschutzhinweise \/ Privacy Notice Verantwortliche Stelle \/ ControllerMinderheiten-Kompetenz-Netzwerk Schleswig-Holstein \/ S\u00fcdd\u00e4nemark e. V.Akademieweg 624988 Oeversee, Deutschland \/ GermanyTel.: +49 4630 55161E-Mail: mkn@sankelmark.deWeb: https:\/\/minority-network.org \u00a0 Zwecke der Verarbeitung \/ Purposes of processingWir verarbeiten deine\/Ihre personenbezogenen Daten (z. B. Name, Kontaktdaten, hochgeladene Texte, Bilder, Videos, Audio) ausschlie\u00dflich f\u00fcr: Organisation, Durchf\u00fchrung und \u00f6ffentliche Pr\u00e4sentation der [&hellip;]<\/p>\n","protected":false},"author":1,"featured_media":0,"parent":0,"menu_order":0,"comment_status":"closed","ping_status":"closed","template":"","meta":{"_acf_changed":false,"site-sidebar-layout":"no-sidebar","site-content-layout":"page-builder","ast-site-content-layout":"full-width-container","site-content-style":"default","site-sidebar-style":"default","ast-global-header-display":"","ast-banner-title-visibility":"","ast-main-header-display":"","ast-hfb-above-header-display":"","ast-hfb-below-header-display":"","ast-hfb-mobile-header-display":"","site-post-title":"","ast-breadcrumbs-content":"","ast-featured-img":"disabled","footer-sml-layout":"","ast-disable-related-posts":"","theme-transparent-header-meta":"","adv-header-id-meta":"","stick-header-meta":"","header-above-stick-meta":"","header-main-stick-meta":"","header-below-stick-meta":"","astra-migrate-meta-layouts":"set","ast-page-background-enabled":"default","ast-page-background-meta":{"desktop":{"background-color":"var(--ast-global-color-4)","background-image":"","background-repeat":"repeat","background-position":"center center","background-size":"auto","background-attachment":"scroll","background-type":"","background-media":"","overlay-type":"","overlay-color":"","overlay-opacity":"","overlay-gradient":""},"tablet":{"background-color":"","background-image":"","background-repeat":"repeat","background-position":"center center","background-size":"auto","background-attachment":"scroll","background-type":"","background-media":"","overlay-type":"","overlay-color":"","overlay-opacity":"","overlay-gradient":""},"mobile":{"background-color":"","background-image":"","background-repeat":"repeat","background-position":"center center","background-size":"auto","background-attachment":"scroll","background-type":"","background-media":"","overlay-type":"","overlay-color":"","overlay-opacity":"","overlay-gradient":""}},"ast-content-background-meta":{"desktop":{"background-color":"var(--ast-global-color-5)","background-image":"","background-repeat":"repeat","background-position":"center center","background-size":"auto","background-attachment":"scroll","background-type":"","background-media":"","overlay-type":"","overlay-color":"","overlay-opacity":"","overlay-gradient":""},"tablet":{"background-color":"var(--ast-global-color-5)","background-image":"","background-repeat":"repeat","background-position":"center center","background-size":"auto","background-attachment":"scroll","background-type":"","background-media":"","overlay-type":"","overlay-color":"","overlay-opacity":"","overlay-gradient":""},"mobile":{"background-color":"var(--ast-global-color-5)","background-image":"","background-repeat":"repeat","background-position":"center center","background-size":"auto","background-attachment":"scroll","background-type":"","background-media":"","overlay-type":"","overlay-color":"","overlay-opacity":"","overlay-gradient":""}},"footnotes":""},"class_list":["post-1701","page","type-page","status-publish","hentry"],"acf":[],"_links":{"self":[{"href":"https:\/\/www.who-we-are.org\/da\/wp-json\/wp\/v2\/pages\/1701","targetHints":{"allow":["GET"]}}],"collection":[{"href":"https:\/\/www.who-we-are.org\/da\/wp-json\/wp\/v2\/pages"}],"about":[{"href":"https:\/\/www.who-we-are.org\/da\/wp-json\/wp\/v2\/types\/page"}],"author":[{"embeddable":true,"href":"https:\/\/www.who-we-are.org\/da\/wp-json\/wp\/v2\/users\/1"}],"replies":[{"embeddable":true,"href":"https:\/\/www.who-we-are.org\/da\/wp-json\/wp\/v2\/comments?post=1701"}],"version-history":[{"count":10,"href":"https:\/\/www.who-we-are.org\/da\/wp-json\/wp\/v2\/pages\/1701\/revisions"}],"predecessor-version":[{"id":1778,"href":"https:\/\/www.who-we-are.org\/da\/wp-json\/wp\/v2\/pages\/1701\/revisions\/1778"}],"wp:attachment":[{"href":"https:\/\/www.who-we-are.org\/da\/wp-json\/wp\/v2\/media?parent=1701"}],"curies":[{"name":"wp","href":"https:\/\/api.w.org\/{rel}","templated":true}]}}