{"id":1697,"date":"2025-07-16T11:27:56","date_gmt":"2025-07-16T11:27:56","guid":{"rendered":"https:\/\/mkn.eliasarndt.de\/?page_id=1697"},"modified":"2026-04-07T22:30:12","modified_gmt":"2026-04-07T21:30:12","slug":"aftryk","status":"publish","type":"page","link":"https:\/\/www.who-we-are.org\/da\/impressum\/","title":{"rendered":"P\u00e5tryk"},"content":{"rendered":"<div data-elementor-type=\"wp-page\" data-elementor-id=\"1697\" class=\"elementor elementor-1697\">\n\t\t\t\t<div class=\"elementor-element elementor-element-6db1584 e-flex e-con-boxed e-con e-parent\" data-id=\"6db1584\" data-element_type=\"container\" data-e-type=\"container\">\n\t\t\t\t\t<div class=\"e-con-inner\">\n\t\t\t\t<div class=\"elementor-element elementor-element-40bef5c elementor-widget elementor-widget-heading\" data-id=\"40bef5c\" data-element_type=\"widget\" data-e-type=\"widget\" data-widget_type=\"heading.default\">\n\t\t\t\t<div class=\"elementor-widget-container\">\n\t\t\t\t\t<h2 class=\"elementor-heading-title elementor-size-default\">P\u00e5tryk<\/h2>\t\t\t\t<\/div>\n\t\t\t\t<\/div>\n\t\t\t\t<div class=\"elementor-element elementor-element-8323687 elementor-widget elementor-widget-text-editor\" data-id=\"8323687\" data-element_type=\"widget\" data-e-type=\"widget\" data-widget_type=\"text-editor.default\">\n\t\t\t\t<div class=\"elementor-widget-container\">\n\t\t\t\t\t\t\t\t\t<p><strong>Oplysninger i henhold til \u00a7 5 TMG og \u00a7 18 MStV<\/strong><\/p><p>Minoritetskompetencenetv\u00e6rk Slesvig-Holsten \/ Syddanmark e. V.<br \/>Akademieweg 6<br \/>24988 Oeversee<br \/>Tyskland<\/p><p><strong>Repr\u00e6senteret af:<\/strong><\/p><p>Formand: Uwe Jessen<br \/>N\u00e6stformand: Dr. Frank Nickelsen<\/p><p>\u00a0<\/p><p><strong>Kontakt:<\/strong><br \/>Telefon: +49 4630 55161<br \/>E-mail: mkn@sankelmark.de<br \/>Web: <a href=\"https:\/\/minority-network.org\" target=\"_blank\" rel=\"noopener\">https:\/\/minority-network.org<\/a><\/p><p>Ikke momspligtig.<\/p><p>\u00a0<\/p><p><strong>Ansvarlig for indhold i henhold til \u00a7 18 Abs. 2 MStV:<\/strong><br \/>Leon Bossen, adresse som ovenfor<\/p><p>\u00a0<\/p><p><strong>Ansvar for indhold<\/strong><\/p><p>Som tjenesteudbyder er vi ansvarlige for vores eget indhold p\u00e5 disse sider i henhold til \u00a7 7 (1) TMG (tysk telemedielov) og den generelle lovgivning.<br \/>I henhold til \u00a7\u00a7 8 til 10 TMG er vi dog ikke forpligtet til at overv\u00e5ge transmitterede eller lagrede tredjepartsoplysninger eller til at unders\u00f8ge omst\u00e6ndigheder, der tyder p\u00e5 ulovlig aktivitet.<br \/>Forpligtelser til at fjerne eller blokere brugen af oplysninger i overensstemmelse med generel lovgivning forbliver up\u00e5virket af dette.<br \/>Ansvar i denne henseende er dog kun muligt fra det tidspunkt, hvor man f\u00e5r kendskab til en specifik overtr\u00e6delse.<br \/>S\u00e5 snart vi bliver opm\u00e6rksomme p\u00e5 s\u00e5danne overtr\u00e6delser, vil vi straks fjerne dette indhold.<\/p><p>\u00a0<\/p><p><strong>Ansvar for links<\/strong><\/p><p>Vores hjemmeside indeholder links til eksterne tredjepartswebsteder, hvis indhold vi ikke har nogen indflydelse p\u00e5.<br \/>Derfor kan vi ikke p\u00e5tage os noget ansvar for dette tredjepartsindhold.<br \/>Den respektive udbyder eller operat\u00f8r er altid ansvarlig for indholdet p\u00e5 de linkede sider.<br \/>De sider, der linkes til, blev kontrolleret for mulige lovovertr\u00e6delser p\u00e5 tidspunktet for linkningen; der kunne ikke genkendes noget ulovligt indhold p\u00e5 dette tidspunkt.<br \/>Men permanent overv\u00e5gning af indhold er ikke rimeligt uden konkrete beviser.<br \/>Hvis vi bliver opm\u00e6rksomme p\u00e5 lovovertr\u00e6delser, vil vi straks fjerne s\u00e5danne links.<\/p><p>\u00a0<\/p><p><strong>Ophavsret<\/strong><\/p><p>Indholdet og v\u00e6rkerne, der er skabt af webstedsoperat\u00f8rerne p\u00e5 disse sider, er underlagt tysk lov om ophavsret.<br \/>Kopiering, behandling, distribution og enhver form for kommercialisering af s\u00e5dant materiale uden for rammerne af loven om ophavsret kr\u00e6ver forudg\u00e5ende skriftligt samtykke fra dets respektive forfatter eller skaber.<br \/>Downloads og kopier af dette websted er kun tilladt til privat, ikke-kommerciel brug.<br \/>I det omfang indholdet ikke er skabt af operat\u00f8ren, respekteres tredjeparters ophavsret, og tredjepartsindhold m\u00e6rkes som s\u00e5dan.<br \/>Hvis du alligevel opdager en kr\u00e6nkelse af ophavsretten, bedes du informere os om det.<br \/>Hvis vi bliver opm\u00e6rksomme p\u00e5 lovovertr\u00e6delser, vil vi straks fjerne dette indhold.<\/p><p>\u00a0<\/p><p><strong>Teknisk realisering:<\/strong><\/p><p><a href=\"https:\/\/eliasarndt.de\" target=\"_blank\" rel=\"noopener\">Elias Arndt: Web- og softwareudvikler<\/a><\/p><p><a href=\"https:\/\/ai-vaerk.de\" target=\"_blank\" rel=\"noopener\">AI-v\u00e6rk<\/a><\/p>\t\t\t\t\t\t\t\t<\/div>\n\t\t\t\t<\/div>\n\t\t\t\t<div class=\"elementor-element elementor-element-9bcd2fa elementor-widget elementor-widget-spacer\" data-id=\"9bcd2fa\" data-element_type=\"widget\" data-e-type=\"widget\" data-widget_type=\"spacer.default\">\n\t\t\t\t<div class=\"elementor-widget-container\">\n\t\t\t\t\t\t\t<div class=\"elementor-spacer\">\n\t\t\t<div class=\"elementor-spacer-inner\"><\/div>\n\t\t<\/div>\n\t\t\t\t\t\t<\/div>\n\t\t\t\t<\/div>\n\t\t\t\t\t<\/div>\n\t\t\t\t<\/div>\n\t\t\t\t<\/div>","protected":false},"excerpt":{"rendered":"<p>Impressum Angaben gem\u00e4\u00df \u00a7 5 TMG und \u00a7 18 MStV Minderheiten-Kompetenz-Netzwerk Schleswig-Holstein \/ S\u00fcdd\u00e4nemark e. V.Akademieweg 624988 OeverseeDeutschland Vertreten durch: Vorsitzender: Uwe Jessenstellvertretender Vorsitzender: Dr. Frank Nickelsen \u00a0 Kontakt:Telefon: +49 4630 55161E-Mail: mkn@sankelmark.deWeb: https:\/\/minority-network.org Nicht umsatzsteuerpflichtig. \u00a0 Inhaltlich verantwortlich gem\u00e4\u00df \u00a7 18 Abs. 2 MStV:Leon Bossen, Anschrift wie oben \u00a0 Haftung f\u00fcr Inhalte Als Diensteanbieter [&hellip;]<\/p>\n","protected":false},"author":1,"featured_media":0,"parent":0,"menu_order":0,"comment_status":"closed","ping_status":"closed","template":"","meta":{"_acf_changed":false,"site-sidebar-layout":"no-sidebar","site-content-layout":"page-builder","ast-site-content-layout":"full-width-container","site-content-style":"default","site-sidebar-style":"default","ast-global-header-display":"","ast-banner-title-visibility":"","ast-main-header-display":"","ast-hfb-above-header-display":"","ast-hfb-below-header-display":"","ast-hfb-mobile-header-display":"","site-post-title":"","ast-breadcrumbs-content":"","ast-featured-img":"disabled","footer-sml-layout":"","ast-disable-related-posts":"","theme-transparent-header-meta":"","adv-header-id-meta":"","stick-header-meta":"","header-above-stick-meta":"","header-main-stick-meta":"","header-below-stick-meta":"","astra-migrate-meta-layouts":"set","ast-page-background-enabled":"default","ast-page-background-meta":{"desktop":{"background-color":"var(--ast-global-color-4)","background-image":"","background-repeat":"repeat","background-position":"center center","background-size":"auto","background-attachment":"scroll","background-type":"","background-media":"","overlay-type":"","overlay-color":"","overlay-opacity":"","overlay-gradient":""},"tablet":{"background-color":"","background-image":"","background-repeat":"repeat","background-position":"center center","background-size":"auto","background-attachment":"scroll","background-type":"","background-media":"","overlay-type":"","overlay-color":"","overlay-opacity":"","overlay-gradient":""},"mobile":{"background-color":"","background-image":"","background-repeat":"repeat","background-position":"center center","background-size":"auto","background-attachment":"scroll","background-type":"","background-media":"","overlay-type":"","overlay-color":"","overlay-opacity":"","overlay-gradient":""}},"ast-content-background-meta":{"desktop":{"background-color":"var(--ast-global-color-5)","background-image":"","background-repeat":"repeat","background-position":"center center","background-size":"auto","background-attachment":"scroll","background-type":"","background-media":"","overlay-type":"","overlay-color":"","overlay-opacity":"","overlay-gradient":""},"tablet":{"background-color":"var(--ast-global-color-5)","background-image":"","background-repeat":"repeat","background-position":"center center","background-size":"auto","background-attachment":"scroll","background-type":"","background-media":"","overlay-type":"","overlay-color":"","overlay-opacity":"","overlay-gradient":""},"mobile":{"background-color":"var(--ast-global-color-5)","background-image":"","background-repeat":"repeat","background-position":"center center","background-size":"auto","background-attachment":"scroll","background-type":"","background-media":"","overlay-type":"","overlay-color":"","overlay-opacity":"","overlay-gradient":""}},"footnotes":""},"class_list":["post-1697","page","type-page","status-publish","hentry"],"acf":[],"_links":{"self":[{"href":"https:\/\/www.who-we-are.org\/da\/wp-json\/wp\/v2\/pages\/1697","targetHints":{"allow":["GET"]}}],"collection":[{"href":"https:\/\/www.who-we-are.org\/da\/wp-json\/wp\/v2\/pages"}],"about":[{"href":"https:\/\/www.who-we-are.org\/da\/wp-json\/wp\/v2\/types\/page"}],"author":[{"embeddable":true,"href":"https:\/\/www.who-we-are.org\/da\/wp-json\/wp\/v2\/users\/1"}],"replies":[{"embeddable":true,"href":"https:\/\/www.who-we-are.org\/da\/wp-json\/wp\/v2\/comments?post=1697"}],"version-history":[{"count":13,"href":"https:\/\/www.who-we-are.org\/da\/wp-json\/wp\/v2\/pages\/1697\/revisions"}],"predecessor-version":[{"id":2073,"href":"https:\/\/www.who-we-are.org\/da\/wp-json\/wp\/v2\/pages\/1697\/revisions\/2073"}],"wp:attachment":[{"href":"https:\/\/www.who-we-are.org\/da\/wp-json\/wp\/v2\/media?parent=1697"}],"curies":[{"name":"wp","href":"https:\/\/api.w.org\/{rel}","templated":true}]}}